{"id":18,"date":"2021-07-03T10:38:00","date_gmt":"2021-07-03T08:38:00","guid":{"rendered":"https:\/\/cslimoges.fr\/site\/?page_id=18"},"modified":"2025-06-17T09:13:40","modified_gmt":"2025-06-17T07:13:40","slug":"contact","status":"publish","type":"page","link":"https:\/\/cslimoges.fr\/site\/contact\/","title":{"rendered":"Contacts"},"content":{"rendered":"\n<h2 class=\"wp-block-heading\">Contacts<\/h2>\n\n\n\n<p class=\"has-text-align-center\"><strong>Vous \u00eates tent\u00e9 par la pratique du Naturisme, vous souhaitez continuer toute l&rsquo;ann\u00e9e l&rsquo;exp\u00e9rience du Naturisme que vous avez d\u00e9couvert pendant vos vacances, Vous voulez conna\u00eetre les conditions d&rsquo;admission au Club du Soleil de LIMOGES<\/strong><\/p>\n\n\n\n<div style=\"height:100px\" aria-hidden=\"true\" class=\"wp-block-spacer\"><\/div>\n\n\n\n<p class=\"has-text-align-center\"><strong>Alors n&rsquo;h\u00e9sitez pas \u00e0 nous contacter :<\/strong><\/p>\n\n\n\n<p><\/p>\n\n\n<form action=\"https:\/\/cslimoges.fr\/site\/wp-json\/ws-form\/v1\/submit\" class=\"wsf-form wsf-form-canvas\" id=\"ws-form-1\" data-id=\"1\" method=\"POST\" data-instance-id=\"1\" data-wsf-style-id=\"1\"><\/form>","protected":false},"excerpt":{"rendered":"<p>Contacts Vous \u00eates tent\u00e9 par la pratique du Naturisme, vous souhaitez continuer toute l&rsquo;ann\u00e9e l&rsquo;exp\u00e9rience du Naturisme que vous avez d\u00e9couvert pendant vos vacances, Vous voulez conna\u00eetre les conditions d&rsquo;admission au Club du Soleil de LIMOGES Alors n&rsquo;h\u00e9sitez pas \u00e0 nous contacter :<\/p>\n","protected":false},"author":108,"featured_media":0,"parent":0,"menu_order":0,"comment_status":"closed","ping_status":"closed","template":"","meta":{"footnotes":""},"class_list":["post-18","page","type-page","status-publish","hentry"],"acf":[],"_links":{"self":[{"href":"https:\/\/cslimoges.fr\/site\/wp-json\/wp\/v2\/pages\/18","targetHints":{"allow":["GET"]}}],"collection":[{"href":"https:\/\/cslimoges.fr\/site\/wp-json\/wp\/v2\/pages"}],"about":[{"href":"https:\/\/cslimoges.fr\/site\/wp-json\/wp\/v2\/types\/page"}],"author":[{"embeddable":true,"href":"https:\/\/cslimoges.fr\/site\/wp-json\/wp\/v2\/users\/108"}],"replies":[{"embeddable":true,"href":"https:\/\/cslimoges.fr\/site\/wp-json\/wp\/v2\/comments?post=18"}],"version-history":[{"count":19,"href":"https:\/\/cslimoges.fr\/site\/wp-json\/wp\/v2\/pages\/18\/revisions"}],"predecessor-version":[{"id":4048,"href":"https:\/\/cslimoges.fr\/site\/wp-json\/wp\/v2\/pages\/18\/revisions\/4048"}],"wp:attachment":[{"href":"https:\/\/cslimoges.fr\/site\/wp-json\/wp\/v2\/media?parent=18"}],"curies":[{"name":"wp","href":"https:\/\/api.w.org\/{rel}","templated":true}]}}