{"id":3869,"date":"2025-06-04T08:57:03","date_gmt":"2025-06-04T06:57:03","guid":{"rendered":"https:\/\/cslimoges.fr\/site\/?page_id=3869"},"modified":"2025-07-18T09:35:26","modified_gmt":"2025-07-18T07:35:26","slug":"lectures-naturistes","status":"publish","type":"page","link":"https:\/\/cslimoges.fr\/site\/lectures-naturistes\/","title":{"rendered":"Autour du naturisme"},"content":{"rendered":"\n<p>Si vous souhaitez (re)d\u00e9couvrir le naturisme au travers de la lecture, voici une petite liste d&rsquo;id\u00e9es :<\/p>\n\n\n\n<h1 class=\"wp-block-heading\">Le Magazine et web&rsquo;zine par Narutisme Magazine<\/h1>\n\n\n<div class=\"wp-block-image\">\n<figure class=\"aligncenter is-resized\"><img loading=\"lazy\" decoding=\"async\" width=\"450\" height=\"168\" src=\"https:\/\/cslimoges.fr\/site\/wp-content\/uploads\/2025\/06\/logo.png\" alt=\"\" class=\"wp-image-3870\" style=\"width:344px;height:auto\" srcset=\"https:\/\/cslimoges.fr\/site\/wp-content\/uploads\/2025\/06\/logo.png 450w, https:\/\/cslimoges.fr\/site\/wp-content\/uploads\/2025\/06\/logo-300x112.png 300w\" sizes=\"auto, (max-width: 450px) 100vw, 450px\" \/><\/figure>\n<\/div>\n\n\n<p><a href=\"https:\/\/www.naturisme-magazine.com\/\" target=\"_blank\" rel=\"noopener\"><span style=\"font-family: 'trebuchet ms', geneva, sans-serif;\"><\/span><\/a><\/p>\n\n\n\n<h1 class=\"wp-block-heading\">Les romans, nouvelles et essais<\/h1>\n\n\n\n<figure class=\"wp-block-table\"><table class=\"has-fixed-layout\"><tbody><tr><td><figure><img loading=\"lazy\" decoding=\"async\" class=\"wp-image-3871 size-full aligncenter\" src=\"https:\/\/cslimoges.fr\/site\/wp-content\/uploads\/2025\/06\/11313002.webp\" alt=\"\" width=\"254\" height=\"400\" srcset=\"https:\/\/cslimoges.fr\/site\/wp-content\/uploads\/2025\/06\/11313002.webp 254w, https:\/\/cslimoges.fr\/site\/wp-content\/uploads\/2025\/06\/11313002-191x300.webp 191w\" sizes=\"auto, (max-width: 254px) 100vw, 254px\" \/><\/figure><\/td><td><p><strong>Vivre nu<\/strong><\/p><p><strong>De Margaux Cassan<\/strong><\/p><p><strong>\u00c9diteur Grasset<\/strong><\/p><p>\u00ab Mon enfance, je l&rsquo;ai pass\u00e9e nue, entour\u00e9e de corps nus. L\u2019\u00e9t\u00e9, je rejoignais mon oncle et ma tante dans un petit village naturiste du sud de la France. Ce qui \u00e9tait un geste spontan\u00e9, presque un r\u00e9flexe, s&rsquo;est transform\u00e9e en revendication, plus tard, quand ma nudit\u00e9 est devenue aux yeux des Autres une transgression, une humiliation (presque chacun d\u2019entre nous a d\u00e9j\u00e0 cauchemard\u00e9 de se retrouver nu devant tout le monde, \u00e0 l\u2019\u00e9cole ou au travail), une source de fantasmes voire un d\u00e9lit, comme l&rsquo;est la publication d&rsquo;un pubis sur les r\u00e9seaux sociaux. On comprenait comme de l&rsquo;exhibition ce qui, le plus souvent, rel\u00e8ve du camouflage.<\/p><p><a href=\"https:\/\/www.pageetplume.fr\/livre\/21977976-vivre-nu-margaux-cassan-grasset\" target=\"_blank\" rel=\"noopener\">Acheter chez Page &amp; Plume Limoges<\/a><\/p><\/td><\/tr><tr><td><figure><img loading=\"lazy\" decoding=\"async\" class=\"alignnone wp-image-3875 size-full\" src=\"https:\/\/cslimoges.fr\/site\/wp-content\/uploads\/2025\/06\/7158540.webp\" alt=\"\" width=\"273\" height=\"400\" srcset=\"https:\/\/cslimoges.fr\/site\/wp-content\/uploads\/2025\/06\/7158540.webp 273w, https:\/\/cslimoges.fr\/site\/wp-content\/uploads\/2025\/06\/7158540-205x300.webp 205w\" sizes=\"auto, (max-width: 273px) 100vw, 273px\" \/><\/figure><\/td><td><p class=\"product-details__title\"><strong>Le bonheur d&rsquo;\u00eatre nu<\/strong><\/p><p class=\"product-details__title\"><strong>Naturisme, un autre regard sur la vie<\/strong><\/p><p class=\"product-details__author\"><strong>De\u00a0France Guillain<\/strong><\/p><p>France Guillain nous fait partager le mode d&rsquo;existence des personnes qui ont choisi de vivre en harmonie avec la nature. Elle d\u00e9construit les id\u00e9es re\u00e7ues sur le naturisme en pr\u00e9sentant avec simplicit\u00e9 son exp\u00e9rience et nous invite \u00e0 mieux conna\u00eetre cette activit\u00e9. Gr\u00e2ce \u00e0 elle, nous comprenons les motivations profondes de celles et ceux qui recherchent \u00e0 travers cet art de vivre nu, non pas une forme de marginalit\u00e9, mais le bien-\u00eatre, le bonheur et la libert\u00e9.<\/p><p><a href=\"https:\/\/www.pageetplume.fr\/livre\/14837574-le-bonheur-d-etre-nu--ned-naturisme-un-autre--france-guillain-albin-michel\" target=\"_blank\" rel=\"noopener\">Acheter chez Page &amp; Plume Limoges<\/a><\/p><\/td><\/tr><tr><td><figure><img loading=\"lazy\" decoding=\"async\" class=\"alignnone wp-image-3876 size-full\" src=\"https:\/\/cslimoges.fr\/site\/wp-content\/uploads\/2025\/06\/9782013959001.webp\" alt=\"\" width=\"400\" height=\"509\" srcset=\"https:\/\/cslimoges.fr\/site\/wp-content\/uploads\/2025\/06\/9782013959001.webp 400w, https:\/\/cslimoges.fr\/site\/wp-content\/uploads\/2025\/06\/9782013959001-236x300.webp 236w\" sizes=\"auto, (max-width: 400px) 100vw, 400px\" \/><\/figure><\/td><td><br><p><strong>Pour vivre heureux, vivons tout nus !<\/strong><\/p><p>D\u00e9butant ou inconditionnel, choisissez te lieu de vos prochaines vacances sous le signe de la libert\u00e9 retrouv\u00e9e. Des conseils pour franchir le cap, une s\u00e9lection d&rsquo;adresses conviviales et familiales de campings, resorts, plages, B&amp;B et associations. Nager, camper, buller&#8230; Activit\u00e9s bien-\u00eatre, randonue ou naturisme urbain&#8230; Tout est bien plus agr\u00e9able dans le plus simple appareil !<\/p><br><p>Plus de 70 adresses naturistes partout en France pour d\u00e9connecter du quotidien<\/p><br><\/td><\/tr><tr><td>&nbsp;<\/td><td>&nbsp;<\/td><\/tr><tr><td>&nbsp;<\/td><td>&nbsp;<\/td><\/tr><\/tbody><\/table><\/figure>\n\n\n\n<p>Vous avez d&rsquo;autres id\u00e9es de lectures \u00e0 partager, d\u00e9posez vos id\u00e9es via l<a href=\"https:\/\/cslimoges.fr\/site\/contact\/\" data-type=\"page\" data-id=\"18\">e formulaire de contact<\/a><\/p>\n\n\n\n<p><\/p>\n","protected":false},"excerpt":{"rendered":"<p>Si vous souhaitez (re)d\u00e9couvrir le naturisme au travers de la lecture, voici une petite liste d&rsquo;id\u00e9es : Le Magazine et web&rsquo;zine par Narutisme Magazine Les romans, nouvelles et essais Vivre nu De Margaux Cassan \u00c9diteur Grasset \u00ab Mon enfance, je l&rsquo;ai pass\u00e9e nue, entour\u00e9e de corps nus. L\u2019\u00e9t\u00e9, je rejoignais mon oncle et ma tante dans un petit village naturiste du sud de la France. Ce qui \u00e9tait un geste spontan\u00e9, presque un r\u00e9flexe, s&rsquo;est transform\u00e9e en revendication, plus tard, quand ma nudit\u00e9 est devenue aux yeux des Autres une transgression, une humiliation (presque chacun d\u2019entre nous a d\u00e9j\u00e0 cauchemard\u00e9 de se retrouver nu devant tout le monde, \u00e0 l\u2019\u00e9cole ou au travail), une source de fantasmes voire un d\u00e9lit, comme l&rsquo;est la publication d&rsquo;un pubis sur les r\u00e9seaux sociaux. On comprenait comme de l&rsquo;exhibition ce qui, le plus souvent, rel\u00e8ve du camouflage. Acheter chez Page &amp; Plume Limoges Le bonheur d&rsquo;\u00eatre nu Naturisme, un autre regard sur la vie De\u00a0France Guillain France Guillain nous fait partager le mode d&rsquo;existence des personnes qui ont choisi de vivre en harmonie avec la nature. Elle d\u00e9construit les id\u00e9es re\u00e7ues sur le naturisme en pr\u00e9sentant avec simplicit\u00e9 son exp\u00e9rience et nous invite \u00e0 mieux conna\u00eetre cette activit\u00e9. Gr\u00e2ce \u00e0 elle, nous comprenons les motivations profondes de celles et ceux qui recherchent \u00e0 travers cet art de vivre nu, non pas une forme de marginalit\u00e9, mais le bien-\u00eatre, le bonheur et la libert\u00e9. Acheter chez Page &amp; Plume Limoges Pour vivre heureux, vivons tout nus ! D\u00e9butant ou inconditionnel, choisissez te lieu de vos prochaines vacances sous le signe de la libert\u00e9 retrouv\u00e9e. Des conseils pour franchir le cap, une s\u00e9lection d&rsquo;adresses conviviales et familiales de campings, resorts, plages, B&amp;B et associations. Nager, camper, buller&#8230; Activit\u00e9s bien-\u00eatre, randonue ou naturisme urbain&#8230; Tout est bien plus agr\u00e9able dans le plus simple appareil ! Plus de 70 adresses naturistes partout en France pour d\u00e9connecter du quotidien &nbsp; &nbsp; &nbsp; &nbsp; Vous avez d&rsquo;autres id\u00e9es de lectures \u00e0 partager, d\u00e9posez vos id\u00e9es via le formulaire de contact<\/p>\n","protected":false},"author":98,"featured_media":0,"parent":0,"menu_order":0,"comment_status":"closed","ping_status":"closed","template":"","meta":{"footnotes":""},"class_list":["post-3869","page","type-page","status-publish","hentry"],"acf":[],"_links":{"self":[{"href":"https:\/\/cslimoges.fr\/site\/wp-json\/wp\/v2\/pages\/3869","targetHints":{"allow":["GET"]}}],"collection":[{"href":"https:\/\/cslimoges.fr\/site\/wp-json\/wp\/v2\/pages"}],"about":[{"href":"https:\/\/cslimoges.fr\/site\/wp-json\/wp\/v2\/types\/page"}],"author":[{"embeddable":true,"href":"https:\/\/cslimoges.fr\/site\/wp-json\/wp\/v2\/users\/98"}],"replies":[{"embeddable":true,"href":"https:\/\/cslimoges.fr\/site\/wp-json\/wp\/v2\/comments?post=3869"}],"version-history":[{"count":5,"href":"https:\/\/cslimoges.fr\/site\/wp-json\/wp\/v2\/pages\/3869\/revisions"}],"predecessor-version":[{"id":4207,"href":"https:\/\/cslimoges.fr\/site\/wp-json\/wp\/v2\/pages\/3869\/revisions\/4207"}],"wp:attachment":[{"href":"https:\/\/cslimoges.fr\/site\/wp-json\/wp\/v2\/media?parent=3869"}],"curies":[{"name":"wp","href":"https:\/\/api.w.org\/{rel}","templated":true}]}}