{"id":3878,"date":"2025-06-04T16:50:55","date_gmt":"2025-06-04T14:50:55","guid":{"rendered":"https:\/\/cslimoges.fr\/site\/?page_id=3878"},"modified":"2025-06-04T16:51:41","modified_gmt":"2025-06-04T14:51:41","slug":"mentions-legales","status":"publish","type":"page","link":"https:\/\/cslimoges.fr\/site\/mentions-legales\/","title":{"rendered":"Mentions l\u00e9gales"},"content":{"rendered":"<h1>Mentions l\u00e9gales<\/h1>\n<p>Ces mentions sont applicables pour toutes les pages, sous-domaines du site Internet dont le nom de domaine est : cslimoges.fr<\/p>\n<p>Contact : via le formulaire de <a href=\"https:\/\/cslimoges.fr\/site\/contact\/\">contact<\/a><\/p>\n<p>Editeur : Le Club du Soleil de Limoges Bos Redon, Brumas 87230 BUSSIERE-GALANT<\/p>\n<p>Directeur de la Publication : Alain BECHADE<\/p>\n<p>H\u00e9bergeur : <a href=\"https:\/\/www.ovhcloud.com\/fr\/\">OVH<\/a> 2 rue Kerllermann 59100 ROUBAIX<\/p>\n<p>Consultez les Conditions G\u00e9n\u00e9rales d\u2019Utilisation ICI<\/p>\n<p>Consultez la politique de confidentialit\u00e9 &#8211; Protection des donn\u00e9es personnelles ICI<\/p>\n<p>Cr\u00e9dits : Le Club du Soleil de Limoges<\/p>\n","protected":false},"excerpt":{"rendered":"<p>Mentions l\u00e9gales Ces mentions sont applicables pour toutes les pages, sous-domaines du site Internet dont le nom de domaine est : cslimoges.fr Contact : via le formulaire de contact Editeur : Le Club du Soleil de Limoges Bos Redon, Brumas 87230 BUSSIERE-GALANT Directeur de la Publication : Alain BECHADE H\u00e9bergeur : OVH 2 rue Kerllermann 59100 ROUBAIX Consultez les Conditions G\u00e9n\u00e9rales d\u2019Utilisation ICI Consultez la politique de confidentialit\u00e9 &#8211; Protection des donn\u00e9es personnelles ICI Cr\u00e9dits : Le Club du Soleil de Limoges<\/p>\n","protected":false},"author":98,"featured_media":0,"parent":0,"menu_order":0,"comment_status":"closed","ping_status":"closed","template":"","meta":{"footnotes":""},"class_list":["post-3878","page","type-page","status-publish","hentry"],"acf":[],"_links":{"self":[{"href":"https:\/\/cslimoges.fr\/site\/wp-json\/wp\/v2\/pages\/3878","targetHints":{"allow":["GET"]}}],"collection":[{"href":"https:\/\/cslimoges.fr\/site\/wp-json\/wp\/v2\/pages"}],"about":[{"href":"https:\/\/cslimoges.fr\/site\/wp-json\/wp\/v2\/types\/page"}],"author":[{"embeddable":true,"href":"https:\/\/cslimoges.fr\/site\/wp-json\/wp\/v2\/users\/98"}],"replies":[{"embeddable":true,"href":"https:\/\/cslimoges.fr\/site\/wp-json\/wp\/v2\/comments?post=3878"}],"version-history":[{"count":3,"href":"https:\/\/cslimoges.fr\/site\/wp-json\/wp\/v2\/pages\/3878\/revisions"}],"predecessor-version":[{"id":3881,"href":"https:\/\/cslimoges.fr\/site\/wp-json\/wp\/v2\/pages\/3878\/revisions\/3881"}],"wp:attachment":[{"href":"https:\/\/cslimoges.fr\/site\/wp-json\/wp\/v2\/media?parent=3878"}],"curies":[{"name":"wp","href":"https:\/\/api.w.org\/{rel}","templated":true}]}}