{"id":4091,"date":"2025-06-26T09:11:36","date_gmt":"2025-06-26T07:11:36","guid":{"rendered":"https:\/\/cslimoges.fr\/site\/?page_id=4091"},"modified":"2026-03-19T16:17:00","modified_gmt":"2026-03-19T15:17:00","slug":"les-tarifs","status":"publish","type":"page","link":"https:\/\/cslimoges.fr\/site\/les-tarifs\/","title":{"rendered":"Les tarifs"},"content":{"rendered":"\n<p class=\"has-medium-font-size\">Le Club propose une adh\u00e9sion \u00e0 l&rsquo;ann\u00e9e ou des prestations pour les naturistes qui souhaitent profiter du camping \u00e0 <a href=\"https:\/\/cslimoges.fr\/site\/notre-terrain-de-bos-redon\/\" data-type=\"page\" data-id=\"88\">Bos Redon<\/a>.<\/p>\n\n\n\n<ul class=\"wp-block-list\">\n<li><a href=\"#adhesion\">Adh\u00e9sion au Club<\/a><\/li>\n\n\n\n<li><a href=\"#tarifcamping\">Tarifs du Camping<\/a><\/li>\n\n\n\n<li>Calculette s\u00e9jour (\u00e0 venir)<\/li>\n<\/ul>\n\n\n\n<h2 class=\"wp-block-heading\" id=\"adhesion\">Adh\u00e9sion au club<\/h2>\n\n\n\n<p class=\"has-medium-font-size\">Vous souhaitez adh\u00e9rer \u00e0 l&rsquo;ann\u00e9e au club et profiter des animations, <a href=\"https:\/\/cslimoges.fr\/site\/lactualite\/\" data-type=\"page\" data-id=\"86\">des activit\u00e9s<\/a> et de <a href=\"https:\/\/cslimoges.fr\/site\/notre-terrain-de-bos-redon\/\" data-type=\"page\" data-id=\"88\">Bos Redon<\/a> :<\/p>\n\n\n\n<figure class=\"wp-block-table\"><table><thead><tr><th>Formule<\/th><th>D\u00e9tail<\/th><th class=\"has-text-align-right\" data-align=\"right\">Tarifs 2026<\/th><th class=\"has-text-align-right\" data-align=\"right\">Tarifs 2027<\/th><\/tr><\/thead><tbody><tr><td>Adulte<\/td><td>par personne (dont licence FFN)<\/td><td class=\"has-text-align-right\" data-align=\"right\">90,00 \u20ac<\/td><td class=\"has-text-align-right\" data-align=\"right\">92,00 \u20ac<\/td><\/tr><tr><td>Jeune (18 \u00e0 30 ans)<\/td><td>par personne (dont licence FFN)<\/td><td class=\"has-text-align-right\" data-align=\"right\">58,00 \u20ac<\/td><td class=\"has-text-align-right\" data-align=\"right\">59,50 \u20ac<\/td><\/tr><tr><td>Campeur<\/td><td>par installation <\/td><td class=\"has-text-align-right\" data-align=\"right\">98,00 \u20ac<\/td><td class=\"has-text-align-right\" data-align=\"right\">98,00 \u20ac<\/td><\/tr><tr><td>Caravanier<\/td><td>par installation <\/td><td class=\"has-text-align-right\" data-align=\"right\">150,00 \u20ac<\/td><td class=\"has-text-align-right\" data-align=\"right\">150,00 \u20ac<\/td><\/tr><tr><td>Licence FFN seule<\/td><td>n&rsquo;ouvre pas droit aux activit\u00e9s<\/td><td class=\"has-text-align-right\" data-align=\"right\">31,00 \u20ac<\/td><td class=\"has-text-align-right\" data-align=\"right\">32,00 \u20ac<\/td><\/tr><tr><td>Entr\u00e9e piscine de Limoges<\/td><td>r\u00e9serv\u00e9 aux adh\u00e9rents<\/td><td class=\"has-text-align-right\" data-align=\"right\">Gratuit<\/td><td class=\"has-text-align-right\" data-align=\"right\">Gratuit<\/td><\/tr><tr><td>Entr\u00e9e piscine de Saint-Junien<\/td><td>pour tous les licenci\u00e9s FFN<\/td><td class=\"has-text-align-right\" data-align=\"right\">7,00 \u20ac<\/td><td class=\"has-text-align-right\" data-align=\"right\">Indetermin\u00e9<\/td><\/tr><\/tbody><\/table><\/figure>\n\n\n\n<p>Vous avez des questions n&rsquo;h\u00e9sitez pas \u00e0 <a href=\"https:\/\/cslimoges.fr\/site\/contact\/\" data-type=\"page\" data-id=\"18\">nous contacter<\/a>.<\/p>\n\n\n\n<div style=\"height:25px\" aria-hidden=\"true\" class=\"wp-block-spacer\"><\/div>\n\n\n\n<h2 class=\"wp-block-heading\" id=\"tarifcamping\">Camping nature<\/h2>\n\n\n\n<p class=\"has-medium-font-size\">Venez profiter du camping de&nbsp;<a href=\"https:\/\/cslimoges.fr\/site\/notre-terrain-de-bos-redon\/\">Bos Redon<\/a>&nbsp;en campeur ou avec votre caravane :<\/p>\n\n\n\n<figure class=\"wp-block-table\"><table><thead><tr><th>Prestations<\/th><th><\/th><th class=\"has-text-align-right\" data-align=\"right\">Tarifs 2026<\/th><th class=\"has-text-align-right\" data-align=\"right\">Tarifs 2027<\/th><\/tr><\/thead><tbody><tr><td><strong>INSTALLATION<\/strong><\/td><td><\/td><td class=\"has-text-align-right\" data-align=\"right\"><\/td><td class=\"has-text-align-right\" data-align=\"right\"><\/td><\/tr><tr><td>Adulte<\/td><td><mark style=\"background-color:rgba(0, 0, 0, 0)\" class=\"has-inline-color has-black-color\">forfait<\/mark><\/td><td class=\"has-text-align-right\" data-align=\"right\">5,00 \u20ac<\/td><td class=\"has-text-align-right\" data-align=\"right\"><\/td><\/tr><tr><td>Jeune<\/td><td>forfait (-30 ans)<\/td><td class=\"has-text-align-right\" data-align=\"right\">2,50 \u20ac<\/td><td class=\"has-text-align-right\" data-align=\"right\"><\/td><\/tr><tr><td><\/td><td><\/td><td class=\"has-text-align-right\" data-align=\"right\"><\/td><td class=\"has-text-align-right\" data-align=\"right\"><\/td><\/tr><tr><td><strong>PAR JOURNEE \/ NUITEE<\/strong><\/td><td><\/td><td class=\"has-text-align-right\" data-align=\"right\"><\/td><td class=\"has-text-align-right\" data-align=\"right\"><\/td><\/tr><tr><td>Adulte seule<\/td><td>par personne<\/td><td class=\"has-text-align-right\" data-align=\"right\">6,00 \u20ac<\/td><td class=\"has-text-align-right\" data-align=\"right\"><\/td><\/tr><tr><td>Couple<\/td><td>par personne<\/td><td class=\"has-text-align-right\" data-align=\"right\">10,00 \u20ac<\/td><td class=\"has-text-align-right\" data-align=\"right\"><\/td><\/tr><tr><td>Enfant<\/td><td>par enfant d\u00e8s 5 ans<\/td><td class=\"has-text-align-right\" data-align=\"right\">2,00 \u20ac<\/td><td class=\"has-text-align-right\" data-align=\"right\"><\/td><\/tr><tr><td>Jeune seule<\/td><td>par personne de 15\/30 ans<\/td><td class=\"has-text-align-right\" data-align=\"right\">3,50 \u20ac<\/td><td class=\"has-text-align-right\" data-align=\"right\"><\/td><\/tr><tr><td>Jeune couple<\/td><td>par personne de &#8211; de 30 ans<\/td><td class=\"has-text-align-right\" data-align=\"right\">7,00 \u20ac<\/td><td class=\"has-text-align-right\" data-align=\"right\"><\/td><\/tr><tr><td><\/td><td><\/td><td class=\"has-text-align-right\" data-align=\"right\"><\/td><td class=\"has-text-align-right\" data-align=\"right\"><\/td><\/tr><tr><td><strong>OPTIONS<\/strong><\/td><td><\/td><td class=\"has-text-align-right\" data-align=\"right\"><\/td><td class=\"has-text-align-right\" data-align=\"right\"><\/td><\/tr><tr><td>Electricit\u00e9<\/td><td>par nuit<\/td><td class=\"has-text-align-right\" data-align=\"right\">5,00 \u20ac<\/td><td class=\"has-text-align-right\" data-align=\"right\"><\/td><\/tr><tr><td>Lave-linge<\/td><td>par lessive<\/td><td class=\"has-text-align-right\" data-align=\"right\">3,00 \u20ac<\/td><td class=\"has-text-align-right\" data-align=\"right\"><\/td><\/tr><tr><td><\/td><td><\/td><td class=\"has-text-align-right\" data-align=\"right\"><\/td><td class=\"has-text-align-right\" data-align=\"right\"><\/td><\/tr><tr><td><strong>TAXES<\/strong><\/td><td><\/td><td class=\"has-text-align-right\" data-align=\"right\"><\/td><td class=\"has-text-align-right\" data-align=\"right\"><\/td><\/tr><tr><td>Taxe de s\u00e9jour<\/td><td>par nuit et par personne<\/td><td class=\"has-text-align-right\" data-align=\"right\">0,42 \u20ac<\/td><td class=\"has-text-align-right\" data-align=\"right\"><\/td><\/tr><\/tbody><\/table><\/figure>\n\n\n\n<p>10% de r\u00e9duction sur la tarif journ\u00e9e\/nuit\u00e9e pour les <a href=\"https:\/\/ffcc.fr\/\" data-type=\"link\" data-id=\"https:\/\/ffcc.fr\/\" target=\"_blank\" rel=\"noreferrer noopener\">adh\u00e9rents FFCC<\/a><\/p>\n\n\n\n<p>Vous avez des questions n&rsquo;h\u00e9sitez pas \u00e0 <a href=\"https:\/\/cslimoges.fr\/site\/contact\/\" data-type=\"page\" data-id=\"18\">nous contacter<\/a>.<\/p>\n\n\n\n<p><\/p>\n","protected":false},"excerpt":{"rendered":"<p>Le Club propose une adh\u00e9sion \u00e0 l&rsquo;ann\u00e9e ou des prestations pour les naturistes qui souhaitent profiter du camping \u00e0 Bos Redon. Adh\u00e9sion au club Vous souhaitez adh\u00e9rer \u00e0 l&rsquo;ann\u00e9e au club et profiter des animations, des activit\u00e9s et de Bos Redon : Formule D\u00e9tail Tarifs 2026 Tarifs 2027 Adulte par personne (dont licence FFN) 90,00 \u20ac 92,00 \u20ac Jeune (18 \u00e0 30 ans) par personne (dont licence FFN) 58,00 \u20ac 59,50 \u20ac Campeur par installation 98,00 \u20ac 98,00 \u20ac Caravanier par installation 150,00 \u20ac 150,00 \u20ac Licence FFN seule n&rsquo;ouvre pas droit aux activit\u00e9s 31,00 \u20ac 32,00 \u20ac Entr\u00e9e piscine de Limoges r\u00e9serv\u00e9 aux adh\u00e9rents Gratuit Gratuit Entr\u00e9e piscine de Saint-Junien pour tous les licenci\u00e9s FFN 7,00 \u20ac Indetermin\u00e9 Vous avez des questions n&rsquo;h\u00e9sitez pas \u00e0 nous contacter. Camping nature Venez profiter du camping de&nbsp;Bos Redon&nbsp;en campeur ou avec votre caravane : Prestations Tarifs 2026 Tarifs 2027 INSTALLATION Adulte forfait 5,00 \u20ac Jeune forfait (-30 ans) 2,50 \u20ac PAR JOURNEE \/ NUITEE Adulte seule par personne 6,00 \u20ac Couple par personne 10,00 \u20ac Enfant par enfant d\u00e8s 5 ans 2,00 \u20ac Jeune seule par personne de 15\/30 ans 3,50 \u20ac Jeune couple par personne de &#8211; de 30 ans 7,00 \u20ac OPTIONS Electricit\u00e9 par nuit 5,00 \u20ac Lave-linge par lessive 3,00 \u20ac TAXES Taxe de s\u00e9jour par nuit et par personne 0,42 \u20ac 10% de r\u00e9duction sur la tarif journ\u00e9e\/nuit\u00e9e pour les adh\u00e9rents FFCC Vous avez des questions n&rsquo;h\u00e9sitez pas \u00e0 nous contacter.<\/p>\n","protected":false},"author":98,"featured_media":0,"parent":0,"menu_order":0,"comment_status":"closed","ping_status":"closed","template":"","meta":{"footnotes":""},"class_list":["post-4091","page","type-page","status-publish","hentry"],"acf":[],"_links":{"self":[{"href":"https:\/\/cslimoges.fr\/site\/wp-json\/wp\/v2\/pages\/4091","targetHints":{"allow":["GET"]}}],"collection":[{"href":"https:\/\/cslimoges.fr\/site\/wp-json\/wp\/v2\/pages"}],"about":[{"href":"https:\/\/cslimoges.fr\/site\/wp-json\/wp\/v2\/types\/page"}],"author":[{"embeddable":true,"href":"https:\/\/cslimoges.fr\/site\/wp-json\/wp\/v2\/users\/98"}],"replies":[{"embeddable":true,"href":"https:\/\/cslimoges.fr\/site\/wp-json\/wp\/v2\/comments?post=4091"}],"version-history":[{"count":19,"href":"https:\/\/cslimoges.fr\/site\/wp-json\/wp\/v2\/pages\/4091\/revisions"}],"predecessor-version":[{"id":4777,"href":"https:\/\/cslimoges.fr\/site\/wp-json\/wp\/v2\/pages\/4091\/revisions\/4777"}],"wp:attachment":[{"href":"https:\/\/cslimoges.fr\/site\/wp-json\/wp\/v2\/media?parent=4091"}],"curies":[{"name":"wp","href":"https:\/\/api.w.org\/{rel}","templated":true}]}}