{"id":4674,"date":"2026-01-28T15:40:20","date_gmt":"2026-01-28T14:40:20","guid":{"rendered":"https:\/\/cslimoges.fr\/site\/?page_id=4674"},"modified":"2026-05-02T12:17:42","modified_gmt":"2026-05-02T10:17:42","slug":"fete-de-la-saint-jean-2026","status":"publish","type":"page","link":"https:\/\/cslimoges.fr\/site\/fete-de-la-saint-jean-2026\/","title":{"rendered":"F\u00eate de la Saint Jean 2026"},"content":{"rendered":"\n<h1 class=\"wp-block-heading\">F\u00eate de la Saint Jean 2026<\/h1>\n\n\n\n<div class=\"wp-block-columns is-layout-flex wp-container-core-columns-is-layout-9d6595d7 wp-block-columns-is-layout-flex\">\n<div class=\"wp-block-column is-layout-flow wp-block-column-is-layout-flow\" style=\"flex-basis:33.33%\">\n<figure class=\"wp-block-image size-large\"><img loading=\"lazy\" decoding=\"async\" width=\"863\" height=\"1024\" src=\"https:\/\/cslimoges.fr\/site\/wp-content\/uploads\/2026\/03\/Affiche-evenement-fete-de-la-Saint-Jean-moderne-orange-bleu2-863x1024.jpg\" alt=\"\" class=\"wp-image-4750\" srcset=\"https:\/\/cslimoges.fr\/site\/wp-content\/uploads\/2026\/03\/Affiche-evenement-fete-de-la-Saint-Jean-moderne-orange-bleu2-863x1024.jpg 863w, https:\/\/cslimoges.fr\/site\/wp-content\/uploads\/2026\/03\/Affiche-evenement-fete-de-la-Saint-Jean-moderne-orange-bleu2-253x300.jpg 253w, https:\/\/cslimoges.fr\/site\/wp-content\/uploads\/2026\/03\/Affiche-evenement-fete-de-la-Saint-Jean-moderne-orange-bleu2-768x911.jpg 768w, https:\/\/cslimoges.fr\/site\/wp-content\/uploads\/2026\/03\/Affiche-evenement-fete-de-la-Saint-Jean-moderne-orange-bleu2-1295x1536.jpg 1295w, https:\/\/cslimoges.fr\/site\/wp-content\/uploads\/2026\/03\/Affiche-evenement-fete-de-la-Saint-Jean-moderne-orange-bleu2-1140x1353.jpg 1140w, https:\/\/cslimoges.fr\/site\/wp-content\/uploads\/2026\/03\/Affiche-evenement-fete-de-la-Saint-Jean-moderne-orange-bleu2.jpg 1587w\" sizes=\"auto, (max-width: 863px) 100vw, 863px\" \/><\/figure>\n<\/div>\n\n\n\n<div class=\"wp-block-column is-layout-flow wp-block-column-is-layout-flow\" style=\"flex-basis:66.66%\">\n<div style=\"height:100px\" aria-hidden=\"true\" class=\"wp-block-spacer\"><\/div>\n\n\n\n<p>Le Club pr\u00e9pare une f\u00eate de la Saint Jean 2026 plein de nouveaut\u00e9.<\/p>\n\n\n\n<p>Toutes les informations bient\u00f4t ici !<\/p>\n<\/div>\n<\/div>\n\n\n\n<div style=\"height:100px\" aria-hidden=\"true\" class=\"wp-block-spacer\"><\/div>\n\n\n\n<h2 class=\"wp-block-heading\">Vous voulez d\u00e9couvrir le naturisme \ud83c\udf3f<\/h2>\n\n\n\n<p>Ce 27 juin c&rsquo;est l&rsquo;occasion pour vous de venir d\u00e9couvrir le naturisme, \u00e9changer avec des adh\u00e9rents <\/p>\n\n\n\n<p class=\"has-text-align-center\">\ud83c\udf3f\ud83c\udf3f\ud83c\udf3f<\/p>\n\n\n\n<p>Le naturisme, bien plus qu\u2019une simple pratique, est <strong><em>une philosophie de vie <\/em><\/strong>qui pr\u00f4ne le retour \u00e0 l\u2019essentiel : la libert\u00e9, le respect de soi et des autres, ainsi qu\u2019une harmonie avec la nature. D\u00e9couvrir le naturisme, c\u2019est s\u2019offrir une exp\u00e9rience unique o\u00f9 le corps, lib\u00e9r\u00e9 des contraintes vestimentaires, retrouve sa place naturelle dans le monde.<\/p>\n\n\n\n<p class=\"has-text-align-center\">\ud83c\udf38\ud83c\udf38\ud83c\udf38<\/p>\n\n\n\n<p>Pour beaucoup, la premi\u00e8re immersion dans un espace naturiste est une r\u00e9v\u00e9lation. On y d\u00e9couvre une communaut\u00e9 <em>bienveillante<\/em>, o\u00f9 l<em>es regards ne jugent pas<\/em>, o\u00f9 les diff\u00e9rences s\u2019effacent au profit d\u2019une simplicit\u00e9 partag\u00e9e. <\/p>\n\n\n\n<p>Les bienfaits du naturisme sont nombreux. Au-del\u00e0 de la sensation de libert\u00e9, cette pratique favorise une meilleure <strong>acceptation de son corps<\/strong> et de celui des autres. Elle permet aussi de <strong>se reconnecter \u00e0 la nature,<\/strong> de <strong>ressentir le soleil<\/strong>, le vent ou l\u2019eau sur sa peau sans barri\u00e8re. Les espaces naturistes, souvent situ\u00e9s dans des cadres verdoyants ou en bord de mer, invitent \u00e0 la d\u00e9tente et au l\u00e2cher-prise.<\/p>\n\n\n\n<p>Si l\u2019id\u00e9e de se mettre nu en public peut impressionner au d\u00e9but, les nouveaux venus sont souvent surpris par la facilit\u00e9 avec laquelle ils s\u2019adaptent. Les clubs et plages naturistes sont des lieux s\u00e9curis\u00e9s, o\u00f9 chacun \u00e9volue \u00e0 son rythme, dans le respect des r\u00e8gles de discr\u00e9tion et de courtoisie. Une fois les premiers pas franchis, beaucoup ne reviennent plus en arri\u00e8re, tant cette exp\u00e9rience leur apporte \u00e9quilibre et bien-\u00eatre.<\/p>\n\n\n\n<p class=\"has-text-align-center\">\u2728\u2728\u2728<\/p>\n\n\n\n<p><mark style=\"background-color:rgba(0, 0, 0, 0)\" class=\"has-inline-color has-vivid-green-cyan-color\"><strong>Alors, pourquoi ne pas tenter l\u2019aventure ?<\/strong><\/mark> Le naturisme est une invitation \u00e0 vivre pleinement, sans artifice, en harmonie avec soi-m\u00eame et avec le monde qui nous entoure.<\/p>\n\n\n\n<div style=\"height:100px\" aria-hidden=\"true\" class=\"wp-block-spacer\"><\/div>\n\n\n\n<h2 class=\"wp-block-heading\">Vous avez d\u00e9j\u00e0 pratiqu\u00e9 <\/h2>\n\n\n\n<p>C&rsquo;est l&rsquo;occasion de d\u00e9couvrir l&rsquo;association et ses membres autour d&rsquo;activit\u00e9s qui seront propos\u00e9es tout au long de la journ\u00e9e, partage d&rsquo;un repas et en fin de soir\u00e9e l&#8217;embrasement du feux \ud83d\udd25<\/p>\n\n\n\n<p>On vous attend nombreux !\ud83c\udf89<\/p>\n\n\n\n<div style=\"height:100px\" aria-hidden=\"true\" class=\"wp-block-spacer\"><\/div>\n\n\n\n<h2 class=\"wp-block-heading\">Le programme (\u00e0 finaliser)<\/h2>\n\n\n\n<h2 class=\"wp-block-heading\">Matin\u00e9e d\u00e9couverte<\/h2>\n\n\n\n<p>De 11h \u00e0 12h30 les membres du club propose de faire d\u00e9couvrir le naturisme aux novices. Il vous est possible de venir habill\u00e9 ou non pendant ce temps d&rsquo;\u00e9change.<\/p>\n\n\n\n<p>Il sera possible aux visiteurs de partager un repas en mode \u00ab\u00a0auberge espagnole\u00a0\u00bb (tout le monde porte quelque chose.<\/p>\n\n\n\n<h2 class=\"wp-block-heading\">Apr\u00e8s-midi <\/h2>\n\n\n\n<p>L&rsquo;apr\u00e8s-midi passe en naturisme int\u00e9gral, au programme<\/p>\n\n\n\n<ul class=\"wp-block-list\">\n<li>Concours de p\u00e9tanque<\/li>\n\n\n\n<li>Jeux de palet<\/li>\n\n\n\n<li>Jeux de fl\u00e9chette<\/li>\n\n\n\n<li>Musique<\/li>\n\n\n\n<li>Stands<\/li>\n<\/ul>\n\n\n\n<h2 class=\"wp-block-heading\">Soir\u00e9e<\/h2>\n\n\n\n<p>D\u00e8s 18h les festivit\u00e9s continue avec un ap\u00e9ritif suivi d&rsquo;un diner (inscription obligatoire).<\/p>\n\n\n\n<p>La soir\u00e9e se termine par un feu de la Saint-Jean et une animation musicale.<\/p>\n\n\n\n<h2 class=\"wp-block-heading\">Nuit<\/h2>\n\n\n\n<p>Le club vous propose de planter votre tente, installer votre caravane ou camping <strong>gratuitement<\/strong> jusqu&rsquo;au dimanche matin (inscription obligatoire).<\/p>\n\n\n\n<p><\/p>\n","protected":false},"excerpt":{"rendered":"<p>F\u00eate de la Saint Jean 2026 Le Club pr\u00e9pare une f\u00eate de la Saint Jean 2026 plein de nouveaut\u00e9. Toutes les informations bient\u00f4t ici ! Vous voulez d\u00e9couvrir le naturisme \ud83c\udf3f Ce 27 juin c&rsquo;est l&rsquo;occasion pour vous de venir d\u00e9couvrir le naturisme, \u00e9changer avec des adh\u00e9rents \ud83c\udf3f\ud83c\udf3f\ud83c\udf3f Le naturisme, bien plus qu\u2019une simple pratique, est une philosophie de vie qui pr\u00f4ne le retour \u00e0 l\u2019essentiel : la libert\u00e9, le respect de soi et des autres, ainsi qu\u2019une harmonie avec la nature. D\u00e9couvrir le naturisme, c\u2019est s\u2019offrir une exp\u00e9rience unique o\u00f9 le corps, lib\u00e9r\u00e9 des contraintes vestimentaires, retrouve sa place naturelle dans le monde. \ud83c\udf38\ud83c\udf38\ud83c\udf38 Pour beaucoup, la premi\u00e8re immersion dans un espace naturiste est une r\u00e9v\u00e9lation. On y d\u00e9couvre une communaut\u00e9 bienveillante, o\u00f9 les regards ne jugent pas, o\u00f9 les diff\u00e9rences s\u2019effacent au profit d\u2019une simplicit\u00e9 partag\u00e9e. Les bienfaits du naturisme sont nombreux. Au-del\u00e0 de la sensation de libert\u00e9, cette pratique favorise une meilleure acceptation de son corps et de celui des autres. Elle permet aussi de se reconnecter \u00e0 la nature, de ressentir le soleil, le vent ou l\u2019eau sur sa peau sans barri\u00e8re. Les espaces naturistes, souvent situ\u00e9s dans des cadres verdoyants ou en bord de mer, invitent \u00e0 la d\u00e9tente et au l\u00e2cher-prise. Si l\u2019id\u00e9e de se mettre nu en public peut impressionner au d\u00e9but, les nouveaux venus sont souvent surpris par la facilit\u00e9 avec laquelle ils s\u2019adaptent. Les clubs et plages naturistes sont des lieux s\u00e9curis\u00e9s, o\u00f9 chacun \u00e9volue \u00e0 son rythme, dans le respect des r\u00e8gles de discr\u00e9tion et de courtoisie. Une fois les premiers pas franchis, beaucoup ne reviennent plus en arri\u00e8re, tant cette exp\u00e9rience leur apporte \u00e9quilibre et bien-\u00eatre. \u2728\u2728\u2728 Alors, pourquoi ne pas tenter l\u2019aventure ? Le naturisme est une invitation \u00e0 vivre pleinement, sans artifice, en harmonie avec soi-m\u00eame et avec le monde qui nous entoure. Vous avez d\u00e9j\u00e0 pratiqu\u00e9 C&rsquo;est l&rsquo;occasion de d\u00e9couvrir l&rsquo;association et ses membres autour d&rsquo;activit\u00e9s qui seront propos\u00e9es tout au long de la journ\u00e9e, partage d&rsquo;un repas et en fin de soir\u00e9e l&#8217;embrasement du feux \ud83d\udd25 On vous attend nombreux !\ud83c\udf89 Le programme (\u00e0 finaliser) Matin\u00e9e d\u00e9couverte De 11h \u00e0 12h30 les membres du club propose de faire d\u00e9couvrir le naturisme aux novices. Il vous est possible de venir habill\u00e9 ou non pendant ce temps d&rsquo;\u00e9change. Il sera possible aux visiteurs de partager un repas en mode \u00ab\u00a0auberge espagnole\u00a0\u00bb (tout le monde porte quelque chose. Apr\u00e8s-midi L&rsquo;apr\u00e8s-midi passe en naturisme int\u00e9gral, au programme Soir\u00e9e D\u00e8s 18h les festivit\u00e9s continue avec un ap\u00e9ritif suivi d&rsquo;un diner (inscription obligatoire). La soir\u00e9e se termine par un feu de la Saint-Jean et une animation musicale. Nuit Le club vous propose de planter votre tente, installer votre caravane ou camping gratuitement jusqu&rsquo;au dimanche matin (inscription obligatoire).<\/p>\n","protected":false},"author":98,"featured_media":0,"parent":0,"menu_order":0,"comment_status":"closed","ping_status":"closed","template":"","meta":{"footnotes":""},"class_list":["post-4674","page","type-page","status-publish","hentry"],"acf":[],"_links":{"self":[{"href":"https:\/\/cslimoges.fr\/site\/wp-json\/wp\/v2\/pages\/4674","targetHints":{"allow":["GET"]}}],"collection":[{"href":"https:\/\/cslimoges.fr\/site\/wp-json\/wp\/v2\/pages"}],"about":[{"href":"https:\/\/cslimoges.fr\/site\/wp-json\/wp\/v2\/types\/page"}],"author":[{"embeddable":true,"href":"https:\/\/cslimoges.fr\/site\/wp-json\/wp\/v2\/users\/98"}],"replies":[{"embeddable":true,"href":"https:\/\/cslimoges.fr\/site\/wp-json\/wp\/v2\/comments?post=4674"}],"version-history":[{"count":11,"href":"https:\/\/cslimoges.fr\/site\/wp-json\/wp\/v2\/pages\/4674\/revisions"}],"predecessor-version":[{"id":4845,"href":"https:\/\/cslimoges.fr\/site\/wp-json\/wp\/v2\/pages\/4674\/revisions\/4845"}],"wp:attachment":[{"href":"https:\/\/cslimoges.fr\/site\/wp-json\/wp\/v2\/media?parent=4674"}],"curies":[{"name":"wp","href":"https:\/\/api.w.org\/{rel}","templated":true}]}}