{"id":82,"date":"2021-07-05T07:49:49","date_gmt":"2021-07-05T05:49:49","guid":{"rendered":"http:\/\/cslimoges.fr\/site\/?page_id=82"},"modified":"2025-07-24T17:04:01","modified_gmt":"2025-07-24T15:04:01","slug":"le-naturisme","status":"publish","type":"page","link":"https:\/\/cslimoges.fr\/site\/le-naturisme\/","title":{"rendered":"Le Naturisme"},"content":{"rendered":"\n<h1 class=\"wp-block-heading\">LA D\u00c9FINITION DU NATURISME<\/h1>\n\n\n\n<div style=\"height:30px\" aria-hidden=\"true\" class=\"wp-block-spacer\"><\/div>\n\n\n\n<p class=\"has-text-align-center has-medium-font-size\"><strong><em><mark style=\"background-color:#00d084\" class=\"has-inline-color has-white-color\">Le naturisme est une mani\u00e8re de vivre en harmonie avec la nature, caract\u00e9ris\u00e9e par une nudit\u00e9 en commun qui a pour but de favoriser le respect de soi-m\u00eame, le respect des autres et celui de l&rsquo;environnement.<\/mark><\/em><\/strong><\/p>\n\n\n\n<div style=\"height:22px\" aria-hidden=\"true\" class=\"wp-block-spacer\"><\/div>\n\n\n\n<p>La d\u00e9finition du naturisme met en \u00e9vidence trois p\u00f4les d&rsquo;int\u00e9r\u00eats repr\u00e9sentant les valeurs de bases :<\/p>\n\n\n\n<div style=\"height:46px\" aria-hidden=\"true\" class=\"wp-block-spacer\"><\/div>\n\n\n\n<h2 class=\"wp-block-heading\">NUDIT\u00c9 \/ RESPECT \/ ENVIRONNEMENT<\/h2>\n\n\n\n<p>Elles d\u00e9finissent un minimum exigible et garantissent \u00e0 l&rsquo;usager le respect de ce minimum. Il en d\u00e9coule des droits et des devoirs pour les usagers d&rsquo;un espace naturiste.<\/p>\n\n\n\n<p class=\"has-text-align-center\"><strong>\u00caTRE NATURISTE C&rsquo;EST ADH\u00c9RER A UN MODE DE VIE, A UNE FA\u00c7ON D\u2019\u00caTRE.<\/strong><\/p>\n\n\n\n<p>Le naturisme propose un mode de vie fond\u00e9 sur la tol\u00e9rance, le respect de soi, des autres et de l&rsquo;environnement et une originalit\u00e9 propre : Vivre nu !<\/p>\n\n\n\n<p>Le naturisme se vit ensemble, toutes g\u00e9n\u00e9rations confondues. La nudit\u00e9 en collectivit\u00e9 d\u00e9veloppe l&rsquo;acceptation de son corps, en cons\u00e9quence, celui des autres. Le naturisme remet l&rsquo;homme en contact avec les \u00e9l\u00e9ments naturels : air, eau, terre, soleil. Ces \u00e9l\u00e9ments sont indispensables \u00e0 la vie et \u00e0 un \u00e9quilibre harmonieux.<\/p>\n\n\n\n<p>La nudit\u00e9 permet de mieux percevoir toutes les composantes de notre environnement. Ce contact direct sur la peau procure une sensation de libert\u00e9, et des sensations que nous avions perdus. Le naturisme c&rsquo;est :<\/p>\n\n\n\n<ul class=\"wp-block-list\">\n<li>Un style de vie familial en pleine nature, qui offre l&rsquo;espace, le calme, l&rsquo;amiti\u00e9.<\/li>\n\n\n\n<li>Un excellent anti-stress, et le plus naturel.<\/li>\n\n\n\n<li>Un vaste choix de centres pour vos vacances.<\/li>\n\n\n\n<li>Des associations dans toute la France pour pratiquer aussi toute l&rsquo;ann\u00e9e.<\/li>\n<\/ul>\n\n\n\n<div style=\"height:50px\" aria-hidden=\"true\" class=\"wp-block-spacer\"><\/div>\n\n\n\n<h2 class=\"wp-block-heading\">LE NATURISME ORGANIS\u00c9<\/h2>\n\n\n\n<p>Le premier Club Naturiste Fran\u00e7ais a \u00e9t\u00e9 cr\u00e9\u00e9 en 1920. En 1949, avec son \u00e9pouse Christiane, <a href=\"https:\/\/fr.wikipedia.org\/wiki\/Albert_Lecocq\" data-type=\"link\" data-id=\"https:\/\/fr.wikipedia.org\/wiki\/Albert_Lecocq\" target=\"_blank\" rel=\"noreferrer noopener\">Albert Lecocq<\/a> cr\u00e9e le premier centre naturiste, le Centre H\u00e9liomarin (CHM) de Montalivet sur la c\u00f4te Atlantique, en Gironde. <\/p>\n\n\n\n<p>Ils sont \u00e9galement \u00e0 l&rsquo;origine de la cr\u00e9ation de la <a href=\"https:\/\/ffn-naturisme.com\" target=\"_blank\" rel=\"noreferrer noopener\">F\u00e9d\u00e9ration Fran\u00e7aise de Naturisme<\/a> (FFN) en 1950. Son \u00ab\u00a0manifeste\u00a0\u00bb marquera la vie f\u00e9d\u00e9rale. Sa grande id\u00e9e g\u00e9n\u00e9reuse est toujours actuelle : \u00a0\u00bb le naturisme \u00e0 la port\u00e9 de tous\u00a0\u00bb.\u00a0<\/p>\n\n\n\n<p>Aujourd&rsquo;hui la FFN regroupe environ 160 associations et 90 centres de vacances r\u00e9partis sur le territoire fran\u00e7ais.<\/p>\n\n\n\n<div style=\"height:48px\" aria-hidden=\"true\" class=\"wp-block-spacer\"><\/div>\n\n\n\n<h2 class=\"wp-block-heading\">VOTRE ADH\u00c9SION A LA FFN<\/h2>\n\n\n\n<p>En choisissant ce mode de vie pour vos loisirs, vous pouvez rejoindre la FFN par l&rsquo;interm\u00e9diaire d&rsquo;un club. Cette d\u00e9marche volontaire <a href=\"https:\/\/cslimoges.fr\/site\/les-tarifs\/\" data-type=\"page\" data-id=\"4091\">d&rsquo;adh\u00e9sion<\/a> implique pour vous et ceux qui vous accompagnent l&rsquo;acceptation de r\u00e8gles dont la FFN est garante.<\/p>\n\n\n\n<p>La d\u00e9finition du naturisme adopt\u00e9, par la FNI et la FFN, est explicite. La pratique de la nudit\u00e9 dans les lieux destin\u00e9s \u00e0 cet effet ob\u00e9it \u00e0 une conception de vie. Tout naturiste doit admettre les principes simples de vie en collectivit\u00e9, en \u00e9tat de nudit\u00e9, dans le respect de la r\u00e9glementation. La souscription de la licence naturiste ne consiste pas simplement \u00e0 r\u00e9gler une cotisation, elle marque votre volont\u00e9 et le privil\u00e8ge d&rsquo;appartenir \u00e0 un mouvement qui propose une mani\u00e8re de vie conforme \u00e0 vos id\u00e9es.<\/p>\n\n\n\n<p>&nbsp;<\/p>\n","protected":false},"excerpt":{"rendered":"<p>LA D\u00c9FINITION DU NATURISME Le naturisme est une mani\u00e8re de vivre en harmonie avec la nature, caract\u00e9ris\u00e9e par une nudit\u00e9 en commun qui a pour but de favoriser le respect de soi-m\u00eame, le respect des autres et celui de l&rsquo;environnement. La d\u00e9finition du naturisme met en \u00e9vidence trois p\u00f4les d&rsquo;int\u00e9r\u00eats repr\u00e9sentant les valeurs de bases : NUDIT\u00c9 \/ RESPECT \/ ENVIRONNEMENT Elles d\u00e9finissent un minimum exigible et garantissent \u00e0 l&rsquo;usager le respect de ce minimum. Il en d\u00e9coule des droits et des devoirs pour les usagers d&rsquo;un espace naturiste. \u00caTRE NATURISTE C&rsquo;EST ADH\u00c9RER A UN MODE DE VIE, A UNE FA\u00c7ON D\u2019\u00caTRE. Le naturisme propose un mode de vie fond\u00e9 sur la tol\u00e9rance, le respect de soi, des autres et de l&rsquo;environnement et une originalit\u00e9 propre : Vivre nu ! Le naturisme se vit ensemble, toutes g\u00e9n\u00e9rations confondues. La nudit\u00e9 en collectivit\u00e9 d\u00e9veloppe l&rsquo;acceptation de son corps, en cons\u00e9quence, celui des autres. Le naturisme remet l&rsquo;homme en contact avec les \u00e9l\u00e9ments naturels : air, eau, terre, soleil. Ces \u00e9l\u00e9ments sont indispensables \u00e0 la vie et \u00e0 un \u00e9quilibre harmonieux. La nudit\u00e9 permet de mieux percevoir toutes les composantes de notre environnement. Ce contact direct sur la peau procure une sensation de libert\u00e9, et des sensations que nous avions perdus. Le naturisme c&rsquo;est : LE NATURISME ORGANIS\u00c9 Le premier Club Naturiste Fran\u00e7ais a \u00e9t\u00e9 cr\u00e9\u00e9 en 1920. En 1949, avec son \u00e9pouse Christiane, Albert Lecocq cr\u00e9e le premier centre naturiste, le Centre H\u00e9liomarin (CHM) de Montalivet sur la c\u00f4te Atlantique, en Gironde. Ils sont \u00e9galement \u00e0 l&rsquo;origine de la cr\u00e9ation de la F\u00e9d\u00e9ration Fran\u00e7aise de Naturisme (FFN) en 1950. Son \u00ab\u00a0manifeste\u00a0\u00bb marquera la vie f\u00e9d\u00e9rale. Sa grande id\u00e9e g\u00e9n\u00e9reuse est toujours actuelle : \u00a0\u00bb le naturisme \u00e0 la port\u00e9 de tous\u00a0\u00bb.\u00a0 Aujourd&rsquo;hui la FFN regroupe environ 160 associations et 90 centres de vacances r\u00e9partis sur le territoire fran\u00e7ais. VOTRE ADH\u00c9SION A LA FFN En choisissant ce mode de vie pour vos loisirs, vous pouvez rejoindre la FFN par l&rsquo;interm\u00e9diaire d&rsquo;un club. Cette d\u00e9marche volontaire d&rsquo;adh\u00e9sion implique pour vous et ceux qui vous accompagnent l&rsquo;acceptation de r\u00e8gles dont la FFN est garante. La d\u00e9finition du naturisme adopt\u00e9, par la FNI et la FFN, est explicite. La pratique de la nudit\u00e9 dans les lieux destin\u00e9s \u00e0 cet effet ob\u00e9it \u00e0 une conception de vie. Tout naturiste doit admettre les principes simples de vie en collectivit\u00e9, en \u00e9tat de nudit\u00e9, dans le respect de la r\u00e9glementation. La souscription de la licence naturiste ne consiste pas simplement \u00e0 r\u00e9gler une cotisation, elle marque votre volont\u00e9 et le privil\u00e8ge d&rsquo;appartenir \u00e0 un mouvement qui propose une mani\u00e8re de vie conforme \u00e0 vos id\u00e9es. &nbsp;<\/p>\n","protected":false},"author":108,"featured_media":0,"parent":0,"menu_order":0,"comment_status":"closed","ping_status":"closed","template":"","meta":{"footnotes":""},"class_list":["post-82","page","type-page","status-publish","hentry"],"acf":[],"_links":{"self":[{"href":"https:\/\/cslimoges.fr\/site\/wp-json\/wp\/v2\/pages\/82","targetHints":{"allow":["GET"]}}],"collection":[{"href":"https:\/\/cslimoges.fr\/site\/wp-json\/wp\/v2\/pages"}],"about":[{"href":"https:\/\/cslimoges.fr\/site\/wp-json\/wp\/v2\/types\/page"}],"author":[{"embeddable":true,"href":"https:\/\/cslimoges.fr\/site\/wp-json\/wp\/v2\/users\/108"}],"replies":[{"embeddable":true,"href":"https:\/\/cslimoges.fr\/site\/wp-json\/wp\/v2\/comments?post=82"}],"version-history":[{"count":14,"href":"https:\/\/cslimoges.fr\/site\/wp-json\/wp\/v2\/pages\/82\/revisions"}],"predecessor-version":[{"id":4471,"href":"https:\/\/cslimoges.fr\/site\/wp-json\/wp\/v2\/pages\/82\/revisions\/4471"}],"wp:attachment":[{"href":"https:\/\/cslimoges.fr\/site\/wp-json\/wp\/v2\/media?parent=82"}],"curies":[{"name":"wp","href":"https:\/\/api.w.org\/{rel}","templated":true}]}}