{"id":86,"date":"2021-07-05T07:50:32","date_gmt":"2021-07-05T05:50:32","guid":{"rendered":"http:\/\/cslimoges.fr\/site\/?page_id=86"},"modified":"2025-06-11T19:26:02","modified_gmt":"2025-06-11T17:26:02","slug":"lactualite","status":"publish","type":"page","link":"https:\/\/cslimoges.fr\/site\/lactualite\/","title":{"rendered":"Les activit\u00e9s"},"content":{"rendered":"<p><span style=\"font-size: 14pt;\"><strong><span style=\"font-family: verdana, geneva, sans-serif;\">ATTENTION, les dates des s\u00e9ances de piscines ci-apr\u00e8s sont pr\u00e9visionnelles<\/span><\/strong><\/span>.<\/p>\n<p><span class=\"style2\" style=\"font-family: verdana, geneva, sans-serif; font-size: 14pt;\">\u00a0<\/span><\/p>\n<p style=\"text-align: center;\"><span style=\"font-size: 24pt; font-family: verdana, geneva, sans-serif;\"><strong><u>Des activit\u00e9s et sorties sont propos\u00e9es au cours de<\/u> 2025 :<\/strong><\/span><\/p>\n<p><span class=\"style2\" style=\"font-family: verdana, geneva, sans-serif; font-size: 14pt;\">* Sortie Piscine st Lazare le dimanche 2 f\u00e9vrier\u00b2<\/span><\/p>\n<p><span class=\"style2\" style=\"font-family: verdana, geneva, sans-serif; font-size: 14pt;\">* Sortie Piscine-baln\u00e9o St Junien le vendredi 7 f\u00e9vrier\u00b2, attention inscription obligatoire avant le 5 f\u00e9vrier<\/span><\/p>\n<p><span class=\"style2\" style=\"font-family: verdana, geneva, sans-serif; font-size: 14pt;\">* Sortie Piscine st Lazare le dimanche 16 f\u00e9vrier\u00b2<\/span><\/p>\n<p><span class=\"style2\" style=\"font-family: verdana, geneva, sans-serif; font-size: 14pt;\">* Sortie Piscine st Lazare le dimanche 16 mars\u00b2<\/span><\/p>\n<p><span class=\"style2\" style=\"font-family: verdana, geneva, sans-serif; font-size: 14pt;\">* Sortie Piscine-baln\u00e9o St Junien le vendredi 21 mars\u00b2, attention inscription obligatoire avant le 19 mars<\/span><\/p>\n<p><span style=\"font-family: verdana, geneva, sans-serif; font-size: 14pt;\">* Assembl\u00e9e G\u00e9n\u00e9rale le dimanche 23 mars 2025<br \/>\n<\/span><\/p>\n<p><span style=\"font-family: verdana, geneva, sans-serif; font-size: 14pt;\">A suivre &#8230;&#8230;<\/span><\/p>\n<p><span style=\"font-family: verdana, geneva, sans-serif; font-size: 14pt;\">Pour de plus amples renseignements concernant ces activit\u00e9s et pour obtenir les bulletins d&rsquo;inscription utiles, merci de contacter le club via <a href=\"https:\/\/cslimoges.fr\/site\/contact\/\" target=\"_blank\" rel=\"noopener\">la page contact<\/a><\/span><\/p>\n<p><span style=\"font-family: verdana, geneva, sans-serif; font-size: 14pt;\">\u00b2 voir d\u00e9tail organisation sur la page piscine <\/span><\/p>\n<p><span style=\"font-family: verdana, geneva, sans-serif; font-size: 14pt;\">* activit\u00e9s du CS Limoges<\/span><\/p>\n<p><span style=\"font-family: verdana, geneva, sans-serif; font-size: 14pt;\"># activit\u00e9s sur la commune de Bussi\u00e8re Galant<\/span><\/p>\n<p align=\"center\">&#8212;&#8212;&#8212;&#8212;-<\/p>\n<p><span style=\"font-family: verdana, geneva, sans-serif; font-size: 14pt;\"><u><strong>A<\/strong><\/u><u><strong>ctivit\u00e9s r\u00e9alis\u00e9es au cours de 2025<\/strong><\/u>\u00a0:<\/span><\/p>\n<p><span class=\"style2\" style=\"font-family: verdana, geneva, sans-serif; font-size: 14pt;\">* Sortie Piscine-baln\u00e9o St Junien le vendredi 24 janvier\u00b2<\/span><\/p>\n<p><span class=\"style2\" style=\"font-family: verdana, geneva, sans-serif; font-size: 14pt;\">* Sortie Piscine st Lazare le dimanche 19 janvier\u00b2<\/span><\/p>\n<p><span class=\"style2\" style=\"font-family: verdana, geneva, sans-serif; font-size: 14pt;\">* Sortie Piscine-baln\u00e9o St Junien le vendredi 10 janvier\u00b2, annul\u00e9e<\/span><\/p>\n<p><span style=\"font-family: verdana, geneva, sans-serif; font-size: 14pt;\"><u><strong>A<\/strong><\/u><u><strong>ctivit\u00e9s r\u00e9alis\u00e9es au cours de 2024<\/strong><\/u> :<\/span><\/p>\n<p>* Sortie Piscine st Lazare le dimanche 8 d\u00e9cembre\u00b2 <strong>Annul\u00e9e<\/strong><\/p>\n<p><span class=\"style2\">* Sortie Piscine-baln\u00e9o St Junien le vendredi 13 d\u00e9cembre\u00b2, attention inscription obligatoire avant 11 d\u00e9cembre<\/span><\/p>\n<p>* Sortie Piscine st Lazare le dimanche 24 novembre\u00b2<\/p>\n<p>* Randonn\u00e9e le dimanche 24 novembre<\/p>\n<p>* CA du CS Limoges le samedi 26 novembre<\/p>\n<p><span class=\"style2\">* Sortie Piscine-baln\u00e9o St Junien le vendredi 29 novembre\u00b2, attention inscription obligatoire avant 27 novembre<\/span><\/p>\n<p>* Sortie Piscine st Lazare le dimanche 27 octobre\u00b2 annul\u00e9e, piscine ouverte au public<\/p>\n<p>* Sortie Piscine st Lazare le dimanche 10 novembre\u00b2<\/p>\n<p><span class=\"style2\">* Sortie Piscine-baln\u00e9o St Junien le vendredi 15 novembre\u00b2, attention inscription obligatoire avant 13 novembre<\/span><\/p>\n<p>* Journ\u00e9e entretien du terrain \u00e0 Bos Redon le samedi 26 octobre<\/p>\n<p>* CA du CS Limoges le samedi 26 octobre<\/p>\n<p>* Sortie Piscine st Lazare le dimanche 13 octobre\u00b2 <strong>Annul\u00e9e<\/strong><\/p>\n<p><span class=\"style2\">* Sortie Piscine-baln\u00e9o St Junien le vendredi 18 octobre\u00b2, attention inscription obligatoire avant 16 octobre<\/span><\/p>\n<p>* Sortie Piscine st Lazare le dimanche 29 septembre\u00b2 <strong>Annul\u00e9e<\/strong><\/p>\n<p><span class=\"style2\">* Sortie Piscine-baln\u00e9o St Junien le vendredi 4 octobre\u00b2, attention inscription obligatoire avant 2 octobre<\/span><\/p>\n<p><span class=\"style2\">* Sortie Piscine-baln\u00e9o St Junien le vendredi 20 septembre\u00b2, attention inscription obligatoire avant 18 septembre<\/span><\/p>\n<p>* 17 septembre CA du CS Limoges<\/p>\n<p>* 31 ao\u00fbt fermeture du terrain de Bos Redon<\/p>\n<p>* 24 et 25 Ao\u00fbt Week-end de fin de saison du CSBCA au CHM de Montalivet, inscription avant le 10 juillet<\/p>\n<p>* 3 ao\u00fbt soir\u00e9e festive \u00e0\u00a0 Bos Redon, inscription avant le 1 ao\u00fbt<\/p>\n<p>* 4 ao\u00fbt journ\u00e9e d\u00e9couverte du naturisme \u00e0 Bos Redon<\/p>\n<p>* 6 juillet soir\u00e9e festive \u00e0 Bos Redon, inscription avant le 4 juillet<\/p>\n<p>* 7 juillet journ\u00e9e d\u00e9couverte du naturisme \u00e0 Bos Redon<\/p>\n<p>* 1 juillet ouverture du terrain de Bos Redon pour l&rsquo;\u00e9t\u00e9<\/p>\n<p>* F\u00eate du club les 22 &amp; 23 juin pour la St Jean \u00e0 Bos Redon, inscription avant le 11 juin<\/p>\n<p>* CA du CS Limoges le 12 juin<\/p>\n<p><span class=\"style2\">* Sortie Piscine-baln\u00e9o St Junien le vendredi 14 juin \u00b2, inscription obligatoire avant le mercredi 12 juin<\/span><\/p>\n<p>* Sortie Piscine st Lazare le dimanche 9 juin\u00b2 annul\u00e9e, r\u00e9affectation en s\u00e9ance publique par la Mairie<\/p>\n<p>* Journ\u00e9e entretien \u00e0 Bos Redon le samedi 8 et le dimanche 9 juin<\/p>\n<p>* Visite de la r\u00e9alisation d&rsquo;une maison autonome \u00ab\u00a0KERBOLUC\u00a0\u00bb le dimanche 2 juin<\/p>\n<p>* AG de la FFN au Domaine de B\u00e9l\u00e9zy les 24 au 26 mai.<\/p>\n<p>* Sortie Piscine st Lazare le dimanche 26 mai\u00b2 annul\u00e9e, r\u00e9affectation en s\u00e9ance publique par la Mairie<\/p>\n<p><span class=\"style2\">* Sortie Piscine-baln\u00e9o St Junien le vendredi 31 mai \u00b2<br \/>\n<\/span><\/p>\n<p>* CA du CS Limoges le 23 mai<\/p>\n<p>* Weekend Inter-clubs organis\u00e9 par le <a href=\"https:\/\/cslimoges.fr\/site\/wp-content\/uploads\/2023\/04\/Inscription-interclubs-Terme-sAstor.docx\" target=\"_blank\" rel=\"noopener\">CS Dordogne<\/a> les 17 &#8211; 18 &#8211; 19 &#8211; 20 mai au camping du Couder<\/p>\n<p><span class=\"style2\">* Sortie Piscine-baln\u00e9o St Junien le vendredi 17 mai<\/span><\/p>\n<p><span class=\"style2\">* Sortie Piscine-baln\u00e9o St Junien le vendredi 3 mai<br \/>\n<\/span><\/p>\n<p><span class=\"style2\">* Randonn\u00e9e le 5 mai au d\u00e9part de Bos Redon<\/span><\/p>\n<p>* Journ\u00e9e entretien \u00e0 Bos Redon le samedi 27 et le dimanche 28 avril<\/p>\n<p>* R\u00e9union du CA du CS Limoges le 11 avril<\/p>\n<p>* Sortie bowling le dimanche 14 avril<\/p>\n<p><span class=\"style2\">* Sortie Piscine-baln\u00e9o St Junien le vendredi 5 avril<br \/>\n<\/span><\/p>\n<p><span class=\"style2\">*Assembl\u00e9e G\u00e9n\u00e9rale de la R\u00e9gion Poitou-Charente-Limousin le 24 Mars \u00e0 la Rochefoucauld<\/span><\/p>\n<p><span class=\"style2\">* Sortie Piscine-baln\u00e9o St Junien le vendredi 22 mars<\/span><\/p>\n<p>* Assembl\u00e9e G\u00e9n\u00e9rale du CS Limoges le 17 mars \u00e0 Bos Redon \u00e0 13h30<\/p>\n<p>* Journ\u00e9e entretien \u00e0 Bos Redon le samedi 9 et le dimanche 10 mars<\/p>\n<p>* Sortie Piscine st Lazare le dimanche 17 mars\u00b2<\/p>\n<p>* Assembl\u00e9e G\u00e9n\u00e9rale du CS Limoges le 17 mars \u00e0 Bos Redon \u00e0 13h30<\/p>\n<p><span class=\"style2\">* Sortie Piscine-baln\u00e9o St Junien le vendredi 8 mars<\/span><\/p>\n<p><span class=\"style2\">* Sortie Piscine-baln\u00e9o St Junien le vendredi 23 f\u00e9vrier\u00b2<br \/>\n<\/span><\/p>\n<p>* Sortie Piscine st Lazare le dimanche 3 mars\u00b2<\/p>\n<p>* Sortie Piscine st Lazare le dimanche 18 f\u00e9vrier\u00b2<\/p>\n<p><span class=\"style2\">* Sortie Piscine-baln\u00e9o St Junien le vendredi 9 f\u00e9vrier\u00b2<\/span><\/p>\n<p>* Sortie Piscine st Lazare le dimanche 4 f\u00e9vrier\u00b2<\/p>\n<p><span class=\"style2\">* Sortie Piscine-baln\u00e9o St Junien le vendredi 26 janvier\u00b2<\/span><\/p>\n<p>* Sortie Piscine st Lazare le dimanche 21 janvier\u00b2<\/p>\n<p><span class=\"style2\">* Sortie Piscine-baln\u00e9o St Junien le vendredi 12 janvier\u00b2, <strong>annul\u00e9e cause vidange<\/strong><\/span><\/p>\n<p>* Sortie Piscine st Lazare le dimanche 7 janvier\u00b2<\/p>\n<div class=\"notranslate\" style=\"all: initial;\"><\/div>\n","protected":false},"excerpt":{"rendered":"<p>ATTENTION, les dates des s\u00e9ances de piscines ci-apr\u00e8s sont pr\u00e9visionnelles. \u00a0 Des activit\u00e9s et sorties sont propos\u00e9es au cours de 2025 : * Sortie Piscine st Lazare le dimanche 2 f\u00e9vrier\u00b2 * Sortie Piscine-baln\u00e9o St Junien le vendredi 7 f\u00e9vrier\u00b2, attention inscription obligatoire avant le 5 f\u00e9vrier * Sortie Piscine st Lazare le dimanche 16 f\u00e9vrier\u00b2 * Sortie Piscine st Lazare le dimanche 16 mars\u00b2 * Sortie Piscine-baln\u00e9o St Junien le vendredi 21 mars\u00b2, attention inscription obligatoire avant le 19 mars * Assembl\u00e9e G\u00e9n\u00e9rale le dimanche 23 mars 2025 A suivre &#8230;&#8230; Pour de plus amples renseignements concernant ces activit\u00e9s et pour obtenir les bulletins d&rsquo;inscription utiles, merci de contacter le club via la page contact \u00b2 voir d\u00e9tail organisation sur la page piscine * activit\u00e9s du CS Limoges # activit\u00e9s sur la commune de Bussi\u00e8re Galant &#8212;&#8212;&#8212;&#8212;- Activit\u00e9s r\u00e9alis\u00e9es au cours de 2025\u00a0: * Sortie Piscine-baln\u00e9o St Junien le vendredi 24 janvier\u00b2 * Sortie Piscine st Lazare le dimanche 19 janvier\u00b2 * Sortie Piscine-baln\u00e9o St Junien le vendredi 10 janvier\u00b2, annul\u00e9e Activit\u00e9s r\u00e9alis\u00e9es au cours de 2024 : * Sortie Piscine st Lazare le dimanche 8 d\u00e9cembre\u00b2 Annul\u00e9e * Sortie Piscine-baln\u00e9o St Junien le vendredi 13 d\u00e9cembre\u00b2, attention inscription obligatoire avant 11 d\u00e9cembre * Sortie Piscine st Lazare le dimanche 24 novembre\u00b2 * Randonn\u00e9e le dimanche 24 novembre * CA du CS Limoges le samedi 26 novembre * Sortie Piscine-baln\u00e9o St Junien le vendredi 29 novembre\u00b2, attention inscription obligatoire avant 27 novembre * Sortie Piscine st Lazare le dimanche 27 octobre\u00b2 annul\u00e9e, piscine ouverte au public * Sortie Piscine st Lazare le dimanche 10 novembre\u00b2 * Sortie Piscine-baln\u00e9o St Junien le vendredi 15 novembre\u00b2, attention inscription obligatoire avant 13 novembre * Journ\u00e9e entretien du terrain \u00e0 Bos Redon le samedi 26 octobre * CA du CS Limoges le samedi 26 octobre * Sortie Piscine st Lazare le dimanche 13 octobre\u00b2 Annul\u00e9e * Sortie Piscine-baln\u00e9o St Junien le vendredi 18 octobre\u00b2, attention inscription obligatoire avant 16 octobre * Sortie Piscine st Lazare le dimanche 29 septembre\u00b2 Annul\u00e9e * Sortie Piscine-baln\u00e9o St Junien le vendredi 4 octobre\u00b2, attention inscription obligatoire avant 2 octobre * Sortie Piscine-baln\u00e9o St Junien le vendredi 20 septembre\u00b2, attention inscription obligatoire avant 18 septembre * 17 septembre CA du CS Limoges * 31 ao\u00fbt fermeture du terrain de Bos Redon * 24 et 25 Ao\u00fbt Week-end de fin de saison du CSBCA au CHM de Montalivet, inscription avant le 10 juillet * 3 ao\u00fbt soir\u00e9e festive \u00e0\u00a0 Bos Redon, inscription avant le 1 ao\u00fbt * 4 ao\u00fbt journ\u00e9e d\u00e9couverte du naturisme \u00e0 Bos Redon * 6 juillet soir\u00e9e festive \u00e0 Bos Redon, inscription avant le 4 juillet * 7 juillet journ\u00e9e d\u00e9couverte du naturisme \u00e0 Bos Redon * 1 juillet ouverture du terrain de Bos Redon pour l&rsquo;\u00e9t\u00e9 * F\u00eate du club les 22 &amp; 23 juin pour la St Jean \u00e0 Bos Redon, inscription avant le 11 juin * CA du CS Limoges le 12 juin * Sortie Piscine-baln\u00e9o St Junien le vendredi 14 juin \u00b2, inscription obligatoire avant le mercredi 12 juin * Sortie Piscine st Lazare le dimanche 9 juin\u00b2 annul\u00e9e, r\u00e9affectation en s\u00e9ance publique par la Mairie * Journ\u00e9e entretien \u00e0 Bos Redon le samedi 8 et le dimanche 9 juin * Visite de la r\u00e9alisation d&rsquo;une maison autonome \u00ab\u00a0KERBOLUC\u00a0\u00bb le dimanche 2 juin * AG de la FFN au Domaine de B\u00e9l\u00e9zy les 24 au 26 mai. * Sortie Piscine st Lazare le dimanche 26 mai\u00b2 annul\u00e9e, r\u00e9affectation en s\u00e9ance publique par la Mairie * Sortie Piscine-baln\u00e9o St Junien le vendredi 31 mai \u00b2 * CA du CS Limoges le 23 mai * Weekend Inter-clubs organis\u00e9 par le CS Dordogne les 17 &#8211; 18 &#8211; 19 &#8211; 20 mai au camping du Couder * Sortie Piscine-baln\u00e9o St Junien le vendredi 17 mai * Sortie Piscine-baln\u00e9o St Junien le vendredi 3 mai * Randonn\u00e9e le 5 mai au d\u00e9part de Bos Redon * Journ\u00e9e entretien \u00e0 Bos Redon le samedi 27 et le dimanche 28 avril * R\u00e9union du CA du CS Limoges le 11 avril * Sortie bowling le dimanche 14 avril * Sortie Piscine-baln\u00e9o St Junien le vendredi 5 avril *Assembl\u00e9e G\u00e9n\u00e9rale de la R\u00e9gion Poitou-Charente-Limousin le 24 Mars \u00e0 la Rochefoucauld * Sortie Piscine-baln\u00e9o St Junien le vendredi 22 mars * Assembl\u00e9e G\u00e9n\u00e9rale du CS Limoges le 17 mars \u00e0 Bos Redon \u00e0 13h30 * Journ\u00e9e entretien \u00e0 Bos Redon le samedi 9 et le dimanche 10 mars * Sortie Piscine st Lazare le dimanche 17 mars\u00b2 * Assembl\u00e9e G\u00e9n\u00e9rale du CS Limoges le 17 mars \u00e0 Bos Redon \u00e0 13h30 * Sortie Piscine-baln\u00e9o St Junien le vendredi 8 mars * Sortie Piscine-baln\u00e9o St Junien le vendredi 23 f\u00e9vrier\u00b2 * Sortie Piscine st Lazare le dimanche 3 mars\u00b2 * Sortie Piscine st Lazare le dimanche 18 f\u00e9vrier\u00b2 * Sortie Piscine-baln\u00e9o St Junien le vendredi 9 f\u00e9vrier\u00b2 * Sortie Piscine st Lazare le dimanche 4 f\u00e9vrier\u00b2 * Sortie Piscine-baln\u00e9o St Junien le vendredi 26 janvier\u00b2 * Sortie Piscine st Lazare le dimanche 21 janvier\u00b2 * Sortie Piscine-baln\u00e9o St Junien le vendredi 12 janvier\u00b2, annul\u00e9e cause vidange * Sortie Piscine st Lazare le dimanche 7 janvier\u00b2<\/p>\n","protected":false},"author":108,"featured_media":0,"parent":0,"menu_order":0,"comment_status":"closed","ping_status":"closed","template":"","meta":{"footnotes":""},"class_list":["post-86","page","type-page","status-publish","hentry"],"acf":[],"_links":{"self":[{"href":"https:\/\/cslimoges.fr\/site\/wp-json\/wp\/v2\/pages\/86","targetHints":{"allow":["GET"]}}],"collection":[{"href":"https:\/\/cslimoges.fr\/site\/wp-json\/wp\/v2\/pages"}],"about":[{"href":"https:\/\/cslimoges.fr\/site\/wp-json\/wp\/v2\/types\/page"}],"author":[{"embeddable":true,"href":"https:\/\/cslimoges.fr\/site\/wp-json\/wp\/v2\/users\/108"}],"replies":[{"embeddable":true,"href":"https:\/\/cslimoges.fr\/site\/wp-json\/wp\/v2\/comments?post=86"}],"version-history":[{"count":216,"href":"https:\/\/cslimoges.fr\/site\/wp-json\/wp\/v2\/pages\/86\/revisions"}],"predecessor-version":[{"id":4011,"href":"https:\/\/cslimoges.fr\/site\/wp-json\/wp\/v2\/pages\/86\/revisions\/4011"}],"wp:attachment":[{"href":"https:\/\/cslimoges.fr\/site\/wp-json\/wp\/v2\/media?parent=86"}],"curies":[{"name":"wp","href":"https:\/\/api.w.org\/{rel}","templated":true}]}}