{"id":90,"date":"2021-07-05T07:51:45","date_gmt":"2021-07-05T05:51:45","guid":{"rendered":"http:\/\/cslimoges.fr\/site\/?page_id=90"},"modified":"2025-07-17T16:47:37","modified_gmt":"2025-07-17T14:47:37","slug":"lactivite-piscine","status":"publish","type":"page","link":"https:\/\/cslimoges.fr\/site\/lactivite-piscine\/","title":{"rendered":"L&rsquo;activit\u00e9 piscine"},"content":{"rendered":"\n<p><\/p>\n\n\n\n<h1 class=\"wp-block-heading\">A Limoges<\/h1>\n\n\n\n<p>Les s\u00e9ances de <a href=\"https:\/\/www.limoges.fr\/dynamique\/piscines-municipales\" data-type=\"link\" data-id=\"https:\/\/www.limoges.fr\/dynamique\/piscines-municipales\" target=\"_blank\" rel=\"noreferrer noopener\">piscine de Saint Lazare \u00e0 Limoges<\/a> se d\u00e9roulent le dimanche matin de 10h30 \u00e0 12h00. Elles sont r\u00e9serv\u00e9s aux membres du Club du Soleil de Limoges. Retrouvez toutes les dates <a href=\"https:\/\/cslimoges.fr\/site\/agenda\/\" data-type=\"link\" data-id=\"https:\/\/cslimoges.fr\/site\/agenda\/\">dans l&rsquo;agenda<\/a>.<\/p>\n\n\n\n<iframe src=\"https:\/\/www.google.com\/maps\/embed?pb=!1m18!1m12!1m3!1d5561.811971424845!2d1.2867731766618329!3d45.81314121008849!2m3!1f0!2f0!3f0!3m2!1i1024!2i768!4f13.1!3m3!1m2!1s0x47f933781426b8a9%3A0x4969b43f249847af!2sPiscine%20municipale%20de%20Saint-Lazare!5e0!3m2!1sfr!2sfr!4v1752762728255!5m2!1sfr!2sfr\" width=\"600\" height=\"450\" style=\"border:0;\" allowfullscreen=\"\" loading=\"lazy\" referrerpolicy=\"no-referrer-when-downgrade\"><\/iframe>\n\n\n\n<div style=\"height:63px\" aria-hidden=\"true\" class=\"wp-block-spacer\"><\/div>\n\n\n\n<h1 class=\"wp-block-heading\">A Saint Junien<\/h1>\n\n\n\n<p>Les s\u00e9ances se d\u00e9roulent\u00a0 le vendredi soir de 20h30 \u00e0 22h00 au centre au <a href=\"https:\/\/www.porteoceane-dulimousin.fr\/pol-vous-invite\/se-divertir\/centre-aqua-recreatif\/\" target=\"_blank\" rel=\"noreferrer noopener\">Centre Aqua-r\u00e9cr\u00e9atif &#8211; Aiga Blu\u00efa<\/a>. Venez profitez des piscines ludiques, hamman, sauna et jaccuzi.<\/p>\n\n\n\n<p>Les s\u00e9ances sont r\u00e9serv\u00e9s aux titulaire d&rsquo;une licence de la F\u00e9d\u00e9ration de naturisme avec une participation financi\u00e8re pour l&rsquo;entr\u00e9e. Retrouvez toutes les dates <a href=\"https:\/\/cslimoges.fr\/site\/agenda\/\" data-type=\"link\" data-id=\"https:\/\/cslimoges.fr\/site\/agenda\/\">dans l&rsquo;agenda<\/a>.<\/p>\n\n\n\n<iframe src=\"https:\/\/www.google.com\/maps\/embed?pb=!1m18!1m12!1m3!1d2776.8035639928034!2d0.8960890766653095!3d45.895241704575184!2m3!1f0!2f0!3f0!3m2!1i1024!2i768!4f13.1!3m3!1m2!1s0x47feead679671489%3A0xb6f876c6244a6e47!2sCentre%20Aqua-r%C3%A9cr%C3%A9atif%20-%20Aiga%20Blu%C3%AFa!5e0!3m2!1sfr!2sfr!4v1752763025811!5m2!1sfr!2sfr\" width=\"600\" height=\"450\" style=\"border:0;\" allowfullscreen=\"\" loading=\"lazy\" referrerpolicy=\"no-referrer-when-downgrade\"><\/iframe>\n\n\n\n<p><\/p>\n","protected":false},"excerpt":{"rendered":"<p>A Limoges Les s\u00e9ances de piscine de Saint Lazare \u00e0 Limoges se d\u00e9roulent le dimanche matin de 10h30 \u00e0 12h00. Elles sont r\u00e9serv\u00e9s aux membres du Club du Soleil de Limoges. Retrouvez toutes les dates dans l&rsquo;agenda. A Saint Junien Les s\u00e9ances se d\u00e9roulent\u00a0 le vendredi soir de 20h30 \u00e0 22h00 au centre au Centre Aqua-r\u00e9cr\u00e9atif &#8211; Aiga Blu\u00efa. Venez profitez des piscines ludiques, hamman, sauna et jaccuzi. Les s\u00e9ances sont r\u00e9serv\u00e9s aux titulaire d&rsquo;une licence de la F\u00e9d\u00e9ration de naturisme avec une participation financi\u00e8re pour l&rsquo;entr\u00e9e. Retrouvez toutes les dates dans l&rsquo;agenda.<\/p>\n","protected":false},"author":108,"featured_media":0,"parent":0,"menu_order":0,"comment_status":"closed","ping_status":"closed","template":"","meta":{"footnotes":""},"class_list":["post-90","page","type-page","status-publish","hentry"],"acf":[],"_links":{"self":[{"href":"https:\/\/cslimoges.fr\/site\/wp-json\/wp\/v2\/pages\/90","targetHints":{"allow":["GET"]}}],"collection":[{"href":"https:\/\/cslimoges.fr\/site\/wp-json\/wp\/v2\/pages"}],"about":[{"href":"https:\/\/cslimoges.fr\/site\/wp-json\/wp\/v2\/types\/page"}],"author":[{"embeddable":true,"href":"https:\/\/cslimoges.fr\/site\/wp-json\/wp\/v2\/users\/108"}],"replies":[{"embeddable":true,"href":"https:\/\/cslimoges.fr\/site\/wp-json\/wp\/v2\/comments?post=90"}],"version-history":[{"count":16,"href":"https:\/\/cslimoges.fr\/site\/wp-json\/wp\/v2\/pages\/90\/revisions"}],"predecessor-version":[{"id":4198,"href":"https:\/\/cslimoges.fr\/site\/wp-json\/wp\/v2\/pages\/90\/revisions\/4198"}],"wp:attachment":[{"href":"https:\/\/cslimoges.fr\/site\/wp-json\/wp\/v2\/media?parent=90"}],"curies":[{"name":"wp","href":"https:\/\/api.w.org\/{rel}","templated":true}]}}